{"id":10,"date":"2018-07-16T19:33:09","date_gmt":"2018-07-16T19:33:09","guid":{"rendered":"http:\/\/www.organyfarne.pl\/?page_id=10"},"modified":"2025-07-06T17:15:13","modified_gmt":"2025-07-06T17:15:13","slug":"nagrania","status":"publish","type":"page","link":"http:\/\/farapoznanska.pl\/organyfarne\/nagrania\/","title":{"rendered":"NAGRANIA"},"content":{"rendered":"\n<figure class=\"wp-block-image size-full\"><img loading=\"lazy\" decoding=\"async\" width=\"200\" height=\"200\" src=\"https:\/\/farapoznanska.pl\/organyfarne\/wp-content\/uploads\/2025\/07\/cover3.jpg\" alt=\"\" class=\"wp-image-531\" srcset=\"http:\/\/farapoznanska.pl\/organyfarne\/wp-content\/uploads\/2025\/07\/cover3.jpg 200w, http:\/\/farapoznanska.pl\/organyfarne\/wp-content\/uploads\/2025\/07\/cover3-150x150.jpg 150w, http:\/\/farapoznanska.pl\/organyfarne\/wp-content\/uploads\/2025\/07\/cover3-100x100.jpg 100w\" sizes=\"auto, (max-width: 200px) 100vw, 200px\" \/><\/figure>\n\n\n\n<p><\/p>\n\n\n\n<p><strong>Skarb Kolegiaty<\/strong><br>\nEl\u017cbieta Karolak gra na organach Fary Pozna\u0144skiej<br>\nOrgany Friedricha Ladegasta z 1876 roku.<\/p>\n\n\n\n<p>J. S. Bach \u2013 Preludium i Fuga h-moll BWV 544<br>\nJ. S. Bach \u2013 Komm, Gott Sch\u00f6pfer, heiliger Geist BWV 667<br>\nJ. S. Bach \u2013 Nun komm, der Heiden Heiland BWV 659<br>\nW. A. Mozart \u2013 Fantazja d-moll KV 397<br>\nM. Surzy\u0144ski \u2013 Improwizacje nt. polskiej pie\u015bni ko\u015bcielnej \u015awi\u0119ty Bo\u017ce op. 38<br>\nM. Surzy\u0144ski \u2013 Elegia fis-moll op. 30<br>\nM. Surzy\u0144ski \u2013 Capriccio fis-moll op. 36<br>\nF. Nowowiejski \u2013 El\u00e9vation op. 2 nr 2<br>\nF. Liszt \u2013 Preludium i Fuga B A C H<br><\/p>\n\n\n\n<figure class=\"wp-block-audio\"><audio controls src=\"http:\/\/www.organyfarne.pl\/wp-content\/uploads\/2018\/08\/preludium.mp3\"><\/audio><\/figure>\n\n\n\n<p>Wykonawcy:<br>\nEl\u017cbieta Karolak &#8211; organy<br>\nRobert Napieralski &#8211; rejestracja<br>\nRealizacja: Piotr Madziar, Wojciech Burghard<br>\nTowarzystwo Przyjaci\u00f3\u0142 Pozna\u0144skiej Fary 2008<\/p>\n\n\n\n<hr class=\"wp-block-separator has-alpha-channel-opacity\"\/>\n\n\n\n<figure class=\"wp-block-image size-full\"><img loading=\"lazy\" decoding=\"async\" width=\"200\" height=\"200\" src=\"https:\/\/farapoznanska.pl\/organyfarne\/wp-content\/uploads\/2025\/07\/cover2.jpg\" alt=\"\" class=\"wp-image-532\" srcset=\"http:\/\/farapoznanska.pl\/organyfarne\/wp-content\/uploads\/2025\/07\/cover2.jpg 200w, http:\/\/farapoznanska.pl\/organyfarne\/wp-content\/uploads\/2025\/07\/cover2-150x150.jpg 150w, http:\/\/farapoznanska.pl\/organyfarne\/wp-content\/uploads\/2025\/07\/cover2-100x100.jpg 100w\" sizes=\"auto, (max-width: 200px) 100vw, 200px\" \/><\/figure>\n\n\n\n<p><\/p>\n\n\n\n<p><strong>Feliks Nowowiejski znany i nieznany<\/strong><\/p>\n\n\n\n<p>CD 1<\/p>\n\n\n\n<p>Mater Dolorosa op.45 nr 6<br>\nIV Koncert organowy<br>\nParce Domine<br>\nNocne zgromadzenie chrze\u015bcijan w katakumbach<br>\nAve Maria op. 18 nr 6<br>\nPsalm 136 Ojczyzna<\/p>\n\n\n\n<p>CD 2<\/p>\n\n\n\n<p>V Symfonia organowa e-moll op. 45 nr 5<br>\nDumka fis-moll op. 31 nr 1<br>\n<audio class=\"wp-audio-shortcode\" id=\"audio-10-1\" preload=\"none\" style=\"width: 100%;\" controls=\"controls\"><source type=\"audio\/mpeg\" src=\"http:\/\/www.organyfarne.pl\/wp-content\/uploads\/2018\/08\/dumka.mp3?_=1\" \/><a href=\"http:\/\/www.organyfarne.pl\/wp-content\/uploads\/2018\/08\/dumka.mp3\">http:\/\/www.organyfarne.pl\/wp-content\/uploads\/2018\/08\/dumka.mp3<\/a><\/audio><br>\nToccata i fuga z VI Symfonii a-moll<br>\nLegenda op. 32<br>\nWizja op. 25<\/p>\n\n\n\n<p>Wykonawcy:<br>\nPrzemys\u0142aw Czeka\u0142a &#8211; baryton, Pozna\u0144ski Ch\u00f3r Kameralny Bartosz Micha\u0142owski &#8211; dyrygent<br>\nMaciej Bolewski &#8211; organy, Rostislaw Wygranienko &#8211; organy<br>\nBogna Nowowiejska &#8211; organy, Magdalena Kostrzewska &#8211; skrzypce<br>\nPiotr Szychowski &#8211; fortepian<br>\nRealizacja: Towarzystwo im. F. Nowowiejskiego 2006 <\/p>\n\n\n\n<hr class=\"wp-block-separator has-alpha-channel-opacity\"\/>\n\n\n\n<figure class=\"wp-block-image size-full\"><img loading=\"lazy\" decoding=\"async\" width=\"200\" height=\"200\" src=\"https:\/\/farapoznanska.pl\/organyfarne\/wp-content\/uploads\/2025\/07\/cover4.jpg\" alt=\"\" class=\"wp-image-534\" srcset=\"http:\/\/farapoznanska.pl\/organyfarne\/wp-content\/uploads\/2025\/07\/cover4.jpg 200w, http:\/\/farapoznanska.pl\/organyfarne\/wp-content\/uploads\/2025\/07\/cover4-150x150.jpg 150w, http:\/\/farapoznanska.pl\/organyfarne\/wp-content\/uploads\/2025\/07\/cover4-100x100.jpg 100w\" sizes=\"auto, (max-width: 200px) 100vw, 200px\" \/><\/figure>\n\n\n\n<p><\/p>\n\n\n\n<p><strong>Pozna\u0144ska Kolegiata Farna &#8211; przewodnik multimedialny<\/strong><\/p>\n\n\n\n<p>Na p\u0142ycie CD znajduj\u0119 si\u0119:<br>\n&#8211; muzyka zarejestrowana w Farze,<br>\n&#8211; p\u00f3\u0142godzinny film &#8222;Wieki m\u00f3wi\u0105 o Farze&#8221;<br>\n&#8211; grafiki i zdj\u0119cia<br>\n&#8211; informacje tekstowe<\/p>\n\n\n\n<p>Wydawca:<br>\nTowarzystwo Przyjaci\u00f3\u0142 Pozna\u0144skiej Fary 2004.<\/p>\n\n\n\n<hr class=\"wp-block-separator has-alpha-channel-opacity\"\/>\n\n\n\n<figure class=\"wp-block-image size-full\"><a href=\"https:\/\/farapoznanska.pl\/organyfarne\/wp-content\/uploads\/2025\/07\/cover1.jpg\"><img loading=\"lazy\" decoding=\"async\" width=\"200\" height=\"200\" src=\"https:\/\/farapoznanska.pl\/organyfarne\/wp-content\/uploads\/2025\/07\/cover1.jpg\" alt=\"\" class=\"wp-image-535\" srcset=\"http:\/\/farapoznanska.pl\/organyfarne\/wp-content\/uploads\/2025\/07\/cover1.jpg 200w, http:\/\/farapoznanska.pl\/organyfarne\/wp-content\/uploads\/2025\/07\/cover1-150x150.jpg 150w, http:\/\/farapoznanska.pl\/organyfarne\/wp-content\/uploads\/2025\/07\/cover1-100x100.jpg 100w\" sizes=\"auto, (max-width: 200px) 100vw, 200px\" \/><\/a><\/figure>\n\n\n\n<p><\/p>\n\n\n\n<p><strong>Dokumenty d\u017awi\u0119kowe &#8211; materia\u0142 nagrany przed renowacj\u0105.<\/strong><\/p>\n\n\n\n<p>M.A Charpentier &#8211; Te Deum &#8211; Prelude<br>\nG. Caccini &#8211; Ave Maria<br>\nH. Eccles &#8211; Sonata g-moll na wiolonczel\u0119 i organy cz I<br>\nJ.S. Bach &#8211; &#8222;O Jesulein su\u00df&#8221;<br>\nCh. W. Gluck &#8211; Orfeusz i eurydyka<br>\nJ. Clarke &#8211; Suite D-Dur<br>\nTabulatura s. Klarysek ze Starego S\u0105cza &#8211; Trzy arie<br>\nW.A.Mozart &#8211; Agnus Dei &#8211; z mszy koronacyjnej<br>\nW.A.Mozart &#8211; Andante in F<br>\nF. Schubert &#8211; Ave Maria<br>\nF. Liszt &#8211; Preludium<br>\nC. Franck &#8211; Panis Angelicus<br>\nA. Guilmat &#8211; Ecoutez, Michel<br>\nM. Surzy\u0144ski &#8211; Improwizacja nt. \u015awi\u0119ty Bo\u017ce<br>\nF. Nowowiejski &#8211; Za\u015bnij Jezuniu<br>\nE. Morricone &#8211; Gabriels Oboe<br>\nG. Young &#8211; Preludium w Stylu Klasycznym, Toccata ze Suity Katedralnej<\/p>\n\n\n\n<p>Wykonawcy:<br>\nEl\u017cbieta Karolak &#8211; organy, S\u0142awomir Kami\u0144ski &#8211; organy, Krzysztof Le\u015bniewicz &#8211; organy,<br>\nTomasz Mizerny &#8211; organy, Roman Gry\u0144 &#8211; tr\u0105bka, Maria Pawlaczyk &#8211; sopran,<br>\nDanuta Taczanowska &#8211; wiolonczela, Tomasz Walczak &#8211; flet, Tomasz Guba\u0144ski &#8211; ob\u00f3j<br>\nRealizacja: Radio Merkury Pozna\u0144, Fagott Produktionstudio F-9908<\/p>\n","protected":false},"excerpt":{"rendered":"<p>Skarb Kolegiaty El\u017cbieta Karolak gra na organach Fary Pozna\u0144skiej Organy Friedricha Ladegasta z 1876 roku. J. S. Bach \u2013 Preludium i Fuga h-moll BWV 544 J. S. Bach \u2013 Komm, Gott Sch\u00f6pfer, heiliger Geist BWV 667 J. S. Bach \u2013 Nun komm, der Heiden Heiland BWV 659 W. A. Mozart \u2013 Fantazja d-moll KV 397 &hellip; <\/p>\n<p class=\"link-more\"><a href=\"http:\/\/farapoznanska.pl\/organyfarne\/nagrania\/\" class=\"more-link\">Czytaj dalej<span class=\"screen-reader-text\"> \u201eNAGRANIA\u201d<\/span><\/a><\/p>\n","protected":false},"author":1,"featured_media":0,"parent":0,"menu_order":0,"comment_status":"closed","ping_status":"closed","template":"","meta":{"footnotes":""},"class_list":["post-10","page","type-page","status-publish","hentry"],"_links":{"self":[{"href":"http:\/\/farapoznanska.pl\/organyfarne\/wp-json\/wp\/v2\/pages\/10","targetHints":{"allow":["GET"]}}],"collection":[{"href":"http:\/\/farapoznanska.pl\/organyfarne\/wp-json\/wp\/v2\/pages"}],"about":[{"href":"http:\/\/farapoznanska.pl\/organyfarne\/wp-json\/wp\/v2\/types\/page"}],"author":[{"embeddable":true,"href":"http:\/\/farapoznanska.pl\/organyfarne\/wp-json\/wp\/v2\/users\/1"}],"replies":[{"embeddable":true,"href":"http:\/\/farapoznanska.pl\/organyfarne\/wp-json\/wp\/v2\/comments?post=10"}],"version-history":[{"count":19,"href":"http:\/\/farapoznanska.pl\/organyfarne\/wp-json\/wp\/v2\/pages\/10\/revisions"}],"predecessor-version":[{"id":536,"href":"http:\/\/farapoznanska.pl\/organyfarne\/wp-json\/wp\/v2\/pages\/10\/revisions\/536"}],"wp:attachment":[{"href":"http:\/\/farapoznanska.pl\/organyfarne\/wp-json\/wp\/v2\/media?parent=10"}],"curies":[{"name":"wp","href":"https:\/\/api.w.org\/{rel}","templated":true}]}}