{"id":11,"date":"2018-07-16T19:33:09","date_gmt":"2018-07-16T19:33:09","guid":{"rendered":"http:\/\/www.organyfarne.pl\/?page_id=11"},"modified":"2018-08-21T17:38:47","modified_gmt":"2018-08-21T17:38:47","slug":"bibliografia","status":"publish","type":"page","link":"http:\/\/farapoznanska.pl\/organyfarne\/bibliografia\/","title":{"rendered":"BIBLIOGRAFIA"},"content":{"rendered":"<p>1. Powykonawcza dokumentacja techniczna z prac renowacyjnych przeprowadzonych w latach 2000\/2001<br \/>\n&#8222;Restaurierungsbericht uber die denkmalwerte Orgel von Friedrich Ladegast \/ Weissenfels aus dem Jahre 1875\/1876 in der Pfarrkirche zu Poznan.&#8221; &#8211; Alexander Schuke Potsdam Orgelbau GmbH<\/p>\n<p>2. &#8222;Organy i Muzyka Organowa XII&#8221; Prace Specjalne 61, wydawca &#8211; Akademia Muzyczna w Gda\u0144sku 2003,<br \/>\nEl\u017cbieta Karolak &#8211; Przywr\u00f3cone pi\u0119kno instrumentu Ladegasta. str: 205-212.<\/p>\n<p>3. Stara i Nowa Fara &#8211; Kronika Miasta Poznania KMP 2003-3<br \/>\nAndrzej Jazdon &#8211; Pozna\u0144ski Ladegast. str: 342-353.<\/p>\n<p>4. &#8222;Organy i Muzyka Organowa V&#8221; Prace Specjalne 33, wydawca &#8211; Akademia Muzyczna w Gda\u0144sku 1984.<br \/>\nMa\u0142gorzata Nawrocka &#8211; Sylwetki organist\u00f3w ko\u015bcio\u0142a farnego w Poznaniu w okresie Wielkiego Ksi\u0119stwa Pozna\u0144skiego 1815- 1919. str: 381-400.<\/p>\n<p>5. &#8222;Organy i muzyka organowa VII&#8221; Prace Specjalne 44, wydawca &#8211; Akademia Muzyczna w Gda\u0144sku 1988.<br \/>\nKrzysztof Rottermund &#8211; Nowe informacje o wielkopolskich organmistrzach z XIX i XX wieku. str 74.<\/p>\n<p>6. &#8222;Organy i muzyka organowa VIII&#8221; Prace Specjalne 47, wydawca &#8211; Akademia Muzyczna w Gda\u0144sku 1991,<br \/>\nMaria Szymanowicz &#8211; Organy Friedricha Ladegasta Nr 50 z 1868r w Moskwie. str: 121-128.<\/p>\n<p>7. &#8222;Nasi dawni Jezuici&#8221; &#8211; Kronika Miasta Poznania 1997r. Leopold Czachorowski &#8211; Organy pozna\u0144skie w \u015bwietle bada\u0144 \u017ar\u00f3d\u0142owych (XIVw &#8211; 1945r) &#8211; Kr\u0105g mur\u00f3w staromiejskich. str 344 &#8211; 350. <\/p>\n<p>8. &#8222;O tym jak Herr Ladegast organy w Poznaniu budowa\u0142&#8221; Leopold Czachorowski &#8211; Ruch Muzyczny 6\/1986<\/p>\n<p>9. Jerzy Go\u0142os &#8222;The Polish Organ &#8211; The Instrument and its History&#8221;, Sutkowski Edition Warsaw<\/p>\n<p>10. Ewa Smulikowska &#8222;Organ Cases in Poland as Works of Art&#8221;, Sutkowski Edition Warsaw<\/p>\n<p>11. &#8222;Fara&#8221; Album fotograficzny. Piotr Sk\u00f3rnicki, Daina Kolbuszewska, wydawnictwo &#8211; \u015awi\u0119ty Wojciech Pozna\u0144 2009.<\/p>\n<p>12. Ks. Maciej Szczepaniak &#8211; &#8222;Fara Pozna\u0144ska &#8211; Przewodnik&#8221;, wydawnictwo &#8211; Kapitu\u0142a Kolegiacka Pozna\u0144 1996r.<\/p>\n<p>13. Przewodnik multimedialny &#8211; Towarzystwo Przyjaci\u00f3\u0142 Pozna\u0144skiej Fary 2004.<\/p>\n","protected":false},"excerpt":{"rendered":"<p>1. Powykonawcza dokumentacja techniczna z prac renowacyjnych przeprowadzonych w latach 2000\/2001 &#8222;Restaurierungsbericht uber die denkmalwerte Orgel von Friedrich Ladegast \/ Weissenfels aus dem Jahre 1875\/1876 in der Pfarrkirche zu Poznan.&#8221; &#8211; Alexander Schuke Potsdam Orgelbau GmbH 2. &#8222;Organy i Muzyka Organowa XII&#8221; Prace Specjalne 61, wydawca &#8211; Akademia Muzyczna w Gda\u0144sku 2003, El\u017cbieta Karolak &#8211; &hellip; <\/p>\n<p class=\"link-more\"><a href=\"http:\/\/farapoznanska.pl\/organyfarne\/bibliografia\/\" class=\"more-link\">Czytaj dalej<span class=\"screen-reader-text\"> \u201eBIBLIOGRAFIA\u201d<\/span><\/a><\/p>\n","protected":false},"author":1,"featured_media":0,"parent":0,"menu_order":0,"comment_status":"closed","ping_status":"closed","template":"","meta":{"footnotes":""},"class_list":["post-11","page","type-page","status-publish","hentry"],"_links":{"self":[{"href":"http:\/\/farapoznanska.pl\/organyfarne\/wp-json\/wp\/v2\/pages\/11","targetHints":{"allow":["GET"]}}],"collection":[{"href":"http:\/\/farapoznanska.pl\/organyfarne\/wp-json\/wp\/v2\/pages"}],"about":[{"href":"http:\/\/farapoznanska.pl\/organyfarne\/wp-json\/wp\/v2\/types\/page"}],"author":[{"embeddable":true,"href":"http:\/\/farapoznanska.pl\/organyfarne\/wp-json\/wp\/v2\/users\/1"}],"replies":[{"embeddable":true,"href":"http:\/\/farapoznanska.pl\/organyfarne\/wp-json\/wp\/v2\/comments?post=11"}],"version-history":[{"count":6,"href":"http:\/\/farapoznanska.pl\/organyfarne\/wp-json\/wp\/v2\/pages\/11\/revisions"}],"predecessor-version":[{"id":443,"href":"http:\/\/farapoznanska.pl\/organyfarne\/wp-json\/wp\/v2\/pages\/11\/revisions\/443"}],"wp:attachment":[{"href":"http:\/\/farapoznanska.pl\/organyfarne\/wp-json\/wp\/v2\/media?parent=11"}],"curies":[{"name":"wp","href":"https:\/\/api.w.org\/{rel}","templated":true}]}}