{"id":13,"date":"2018-07-16T19:33:09","date_gmt":"2018-07-16T19:33:09","guid":{"rendered":"http:\/\/www.organyfarne.pl\/?page_id=13"},"modified":"2021-12-25T18:34:17","modified_gmt":"2021-12-25T18:34:17","slug":"kontakt","status":"publish","type":"page","link":"http:\/\/farapoznanska.pl\/organyfarne\/kontakt\/","title":{"rendered":"KONTAKT"},"content":{"rendered":"<p>Zebranie i opracowanie tre\u015bci, projekt strony : Bartosz Seifert<br \/>E mail: bartoszseifert@gmail.com<\/p>\n<p>Autorzy zdj\u0119\u0107 na stronie Galeria:<br \/>Bartosz Seifert<br \/>Robert Napieralski<\/p>\n<p><a href=\"http:\/\/www.facebook.com\/organypoznanskiejfary\/\">www.facebook.com\/organypoznanskiejfary\/<\/a><\/p>\n\n\n<p><\/p>\n","protected":false},"excerpt":{"rendered":"<p>Zebranie i opracowanie tre\u015bci, projekt strony : Bartosz SeifertE mail: bartoszseifert@gmail.com Autorzy zdj\u0119\u0107 na stronie Galeria:Bartosz SeifertRobert Napieralski www.facebook.com\/organypoznanskiejfary\/<\/p>\n","protected":false},"author":1,"featured_media":0,"parent":0,"menu_order":0,"comment_status":"closed","ping_status":"closed","template":"","meta":{"footnotes":""},"class_list":["post-13","page","type-page","status-publish","hentry"],"_links":{"self":[{"href":"http:\/\/farapoznanska.pl\/organyfarne\/wp-json\/wp\/v2\/pages\/13","targetHints":{"allow":["GET"]}}],"collection":[{"href":"http:\/\/farapoznanska.pl\/organyfarne\/wp-json\/wp\/v2\/pages"}],"about":[{"href":"http:\/\/farapoznanska.pl\/organyfarne\/wp-json\/wp\/v2\/types\/page"}],"author":[{"embeddable":true,"href":"http:\/\/farapoznanska.pl\/organyfarne\/wp-json\/wp\/v2\/users\/1"}],"replies":[{"embeddable":true,"href":"http:\/\/farapoznanska.pl\/organyfarne\/wp-json\/wp\/v2\/comments?post=13"}],"version-history":[{"count":8,"href":"http:\/\/farapoznanska.pl\/organyfarne\/wp-json\/wp\/v2\/pages\/13\/revisions"}],"predecessor-version":[{"id":473,"href":"http:\/\/farapoznanska.pl\/organyfarne\/wp-json\/wp\/v2\/pages\/13\/revisions\/473"}],"wp:attachment":[{"href":"http:\/\/farapoznanska.pl\/organyfarne\/wp-json\/wp\/v2\/media?parent=13"}],"curies":[{"name":"wp","href":"https:\/\/api.w.org\/{rel}","templated":true}]}}