{"id":9,"date":"2018-07-16T19:33:09","date_gmt":"2018-07-16T19:33:09","guid":{"rendered":"http:\/\/www.organyfarne.pl\/?page_id=9"},"modified":"2025-07-06T17:05:00","modified_gmt":"2025-07-06T17:05:00","slug":"friedrich-ladegast","status":"publish","type":"page","link":"http:\/\/farapoznanska.pl\/organyfarne\/friedrich-ladegast\/","title":{"rendered":"FRIEDRICH LADEGAST"},"content":{"rendered":"<div class=\"wp-block-image\">\n<figure class=\"aligncenter size-large\"><img loading=\"lazy\" decoding=\"async\" width=\"250\" height=\"407\" src=\"https:\/\/farapoznanska.pl\/organyfarne\/wp-content\/uploads\/2025\/07\/250px-Friedrich-Ladegast.jpg\" alt=\"\" class=\"wp-image-504\" srcset=\"http:\/\/farapoznanska.pl\/organyfarne\/wp-content\/uploads\/2025\/07\/250px-Friedrich-Ladegast.jpg 250w, http:\/\/farapoznanska.pl\/organyfarne\/wp-content\/uploads\/2025\/07\/250px-Friedrich-Ladegast-184x300.jpg 184w\" sizes=\"auto, (max-width: 250px) 100vw, 250px\" \/><\/figure>\n<\/div>\n\n\n<p><br>\n<\/p>\n\n\n\n<center><em>Friedrich Ladegast ~ 1900r.<br>\n\u0179r\u00f3d\u0142o: Alexander Koschel, Ladegast-Kollegium e.V.<\/em><\/center>\n\n\n\n<p><\/p>\n\n\n\n<p>Znakomity XIX wieczny budowniczy organ\u00f3w urodzi\u0142 si\u0119 30 sierpnia 1818r w Hermsdorf w Saksonii.<br>\nPraktyk\u0119 zdobywa\u0142 u swego brata Christlieba organmistrza z Geringswalde. Zbudowa\u0142 swoje pierwsze dwa instrumenty w wieku lat dwudziestu. Nast\u0119pnie jako czeladnik rozwija\u0142 swoje umiej\u0119tno\u015bci w pracowniach Johanna Gottloba Mende w Lipsku, Urbana Kreutzbacha w Borna, Adolfa Zuberbiera w Dessau, Martina Wetzela w Strasburgu ale przede wszystkim w pracowni Aristida Cavaille-Colla w Pary\u017cu.<br>\nPraktyka jak\u0105 zdoby\u0142 w pracowni Cavaille-Colla mia\u0142a du\u017cy wp\u0142yw na p\u00f3\u017aniejsze projekty Ladegasta.<br>\nZ Pary\u017ca przeni\u00f3s\u0142 na grunt niemiecki innowacyjne rozwi\u0105zania takie jak: swellpedal (szafa ekspresyjna) oraz d\u017awigni\u0119 Barkera.<br>\nNiema\u0142y wp\u0142yw na jego tw\u00f3rczo\u015b\u0107 mia\u0142y tak\u017ce remonty przeprowadzone przy organach Silbermanna.<br>\nPrzede wszystkim jednak pracowa\u0142 nad stworzeniem w\u0142asnej estetyki, umiej\u0119tnie prowadz\u0105c do syntezy epok barokowej i romantycznej.<\/p>\n\n\n\n<p>W 1846 roku w Weissenfels za\u0142o\u017cy\u0142 w\u0142asn\u0105 pracowni\u0119 gdzie pierwszy instrument zbudowa\u0142 dla miejscowo\u015bci Geusa w Saksonii.<br>\nTajniki sztuki organmistrzowskiej przekaza\u0142 swojemu synowi Oskarowi, kt\u00f3ry wsp\u00f3lnie z ojcem prowadzi\u0142 warsztat, a przej\u0105\u0142 go w roku 1898.<\/p>\n\n\n\n<p>Ladegast zmar\u0142 w Weissenfels 30 czerwca 1905roku jako s\u0142ynny budowniczy organ\u00f3w. Dorobek jego to 156 zinwentaryzowanych instrument\u00f3w.<br>\nNajbardziej znane to instrument w katedrze Merseburgu zbudowany w latach 1853 &#8211; 1855, w ko\u015bciele \u015bw Miko\u0142aja w Lipsku z lat 1859 &#8211; 1862, instrument w katedrze w Szwerinie uko\u0144czony w roku 1871, oraz w s\u0142ynnej sali koncertowej Musikverein w Wiedniu uko\u0144czony w 1872 roku.<br>\nW Polsce mo\u017cemy podziwia\u0107 dwa instrumenty: w pozna\u0144skiej farze 1872 &#8211; 1876 oraz potrzebuj\u0105cy renowacji w ko\u015bciele \u015bw. Jakuba Wi\u0119kszego Aposto\u0142a w pozna\u0144skiej G\u0142uszynie zbudowany w latach 1883 &#8211; 1884.<\/p>\n","protected":false},"excerpt":{"rendered":"<p>Friedrich Ladegast ~ 1900r. \u0179r\u00f3d\u0142o: Alexander Koschel, Ladegast-Kollegium e.V. Znakomity XIX wieczny budowniczy organ\u00f3w urodzi\u0142 si\u0119 30 sierpnia 1818r w Hermsdorf w Saksonii. Praktyk\u0119 zdobywa\u0142 u swego brata Christlieba organmistrza z Geringswalde. Zbudowa\u0142 swoje pierwsze dwa instrumenty w wieku lat dwudziestu. Nast\u0119pnie jako czeladnik rozwija\u0142 swoje umiej\u0119tno\u015bci w pracowniach Johanna Gottloba Mende w Lipsku, Urbana &hellip; <\/p>\n<p class=\"link-more\"><a href=\"http:\/\/farapoznanska.pl\/organyfarne\/friedrich-ladegast\/\" class=\"more-link\">Czytaj dalej<span class=\"screen-reader-text\"> \u201eFRIEDRICH LADEGAST\u201d<\/span><\/a><\/p>\n","protected":false},"author":1,"featured_media":0,"parent":0,"menu_order":0,"comment_status":"closed","ping_status":"closed","template":"","meta":{"footnotes":""},"class_list":["post-9","page","type-page","status-publish","hentry"],"_links":{"self":[{"href":"http:\/\/farapoznanska.pl\/organyfarne\/wp-json\/wp\/v2\/pages\/9","targetHints":{"allow":["GET"]}}],"collection":[{"href":"http:\/\/farapoznanska.pl\/organyfarne\/wp-json\/wp\/v2\/pages"}],"about":[{"href":"http:\/\/farapoznanska.pl\/organyfarne\/wp-json\/wp\/v2\/types\/page"}],"author":[{"embeddable":true,"href":"http:\/\/farapoznanska.pl\/organyfarne\/wp-json\/wp\/v2\/users\/1"}],"replies":[{"embeddable":true,"href":"http:\/\/farapoznanska.pl\/organyfarne\/wp-json\/wp\/v2\/comments?post=9"}],"version-history":[{"count":18,"href":"http:\/\/farapoznanska.pl\/organyfarne\/wp-json\/wp\/v2\/pages\/9\/revisions"}],"predecessor-version":[{"id":505,"href":"http:\/\/farapoznanska.pl\/organyfarne\/wp-json\/wp\/v2\/pages\/9\/revisions\/505"}],"wp:attachment":[{"href":"http:\/\/farapoznanska.pl\/organyfarne\/wp-json\/wp\/v2\/media?parent=9"}],"curies":[{"name":"wp","href":"https:\/\/api.w.org\/{rel}","templated":true}]}}